{"id":12,"date":"2008-09-27T15:06:00","date_gmt":"2008-09-27T13:06:00","guid":{"rendered":"http:\/\/mgv-dansenberg.de\/wordpress\/?page_id=12"},"modified":"2022-01-17T21:40:51","modified_gmt":"2022-01-17T20:40:51","slug":"mitglieder-infos","status":"publish","type":"page","link":"https:\/\/mgv-dansenberg.de\/?page_id=12","title":{"rendered":"Mitglieder-Infos"},"content":{"rendered":"<p>Hier finden Sie die quartalsweise erscheinenden Mitglieder-Infos zum Download als pdf-Dateien.*<\/p>\n<p>Die Downloadzeit ist abh\u00e4ngig von der Gr\u00f6\u00dfe der Dateien und der Geschwindigkeit Ihrer Internetverbindung.<br \/>\nIn der Regel dauert es aber nicht l\u00e4nger als 1-2 Minuten.<\/p>\n<p><a href=\"https:\/\/mgv-dansenberg.de\/wordpress\/wp-content\/uploads\/2022\/01\/MGV-Info_59.pdf\">Mitgliederinfo Nr. 59<\/a><\/p>\n<p><a href=\"https:\/\/mgv-dansenberg.de\/wordpress\/wp-content\/uploads\/2022\/01\/MGV-News-58-Final.pdf\">Mitgliederinfo Nr. 58<\/a><\/p>\n<p><a href=\"http:\/\/mgv-dansenberg.de\/wordpress\/wp-content\/uploads\/2020\/04\/MGV-News_57_Finale.pdf\">Mitgliederinfo Nr. 57<\/a><\/p>\n<p><a href=\"http:\/\/mgv-dansenberg.de\/wordpress\/wp-content\/uploads\/2019\/12\/MGV-News_56_Final.pdf\">Mitgliederinfo Nr. 56<\/a><\/p>\n<p><a href=\"http:\/\/mgv-dansenberg.de\/wordpress\/wp-content\/uploads\/2019\/05\/MGV-News_55.pdf\">Mitgliederinfo Nr. 55<\/a><\/p>\n<p><a href=\"http:\/\/mgv-dansenberg.de\/wordpress\/wp-content\/uploads\/2018\/09\/MGV-News-54-final.pdf\">Mitgliederinfo Nr. 54<\/a><\/p>\n<p><a href=\"http:\/\/mgv-dansenberg.de\/wordpress\/wp-content\/uploads\/2018\/09\/MGV-News_53.pdf\">Mitgliederinfo Nr. 53<\/a><\/p>\n<p><a href=\"http:\/\/mgv-dansenberg.de\/wordpress\/wp-content\/uploads\/2018\/09\/MGV-News_52.pdf\">Mitgliederinfo Nr. 52<\/a><\/p>\n<p><a href=\"http:\/\/mgv-dansenberg.de\/wordpress\/wp-content\/uploads\/2008\/09\/Mitglieder-Info-51.2017.pdf\">Mitgliederinfo Nr. 51<\/a><\/p>\n<p><a href=\"http:\/\/mgv-dansenberg.de\/wordpress\/wp-content\/uploads\/2016\/11\/mitglieder-info-50.pdf\">Mitgliederinfo Nr. 50<\/a><\/p>\n<p><a href=\"http:\/\/mgv-dansenberg.de\/wordpress\/wp-content\/uploads\/2015\/11\/mgv-news-48-einzelseiten.pdf\">Mitgliederinfo Nr. 48<\/a><\/p>\n<p><a href=\"http:\/\/mgv-dansenberg.de\/wordpress\/wp-content\/uploads\/2015\/04\/mgv-news-47-einzelseiten.pdf\">Mitgliederinfo Nr. 47<\/a><\/p>\n<p><a href=\"http:\/\/mgv-dansenberg.de\/wordpress\/wp-content\/uploads\/2014\/10\/mgv-news-nr-46.pdf\">Mitgliederinfo Nr. 46<\/a><\/p>\n<p><a href=\"http:\/\/mgv-dansenberg.de\/wordpress\/wp-content\/uploads\/2014\/03\/mgv-news-45-einzelseiten-farbig.pdf\">Mitgliederinfo Nr. 45<\/a><\/p>\n<p><a href=\"http:\/\/mgv-dansenberg.de\/wordpress\/wp-content\/uploads\/2014\/03\/mgv-news-44-einzelseiten-weis.pdf\">Mitgliederinfo Nr. 44<\/a><\/p>\n<p><a href=\"http:\/\/mgv-dansenberg.de\/wordpress\/wp-content\/uploads\/2013\/03\/exportvorlage-mgv-info-einzel.pdf\">Mitgliederinfo Nr. 43<\/a><\/p>\n<p><a href=\"http:\/\/mgv-dansenberg.de\/wordpress\/wp-content\/uploads\/2013\/02\/mgv-news-42-graustufe-einzeln.pdf\">Mitgliederinfo Nr. 42<\/a><\/p>\n<p><a href=\"http:\/\/mgv-dansenberg.de\/wordpress\/wp-content\/uploads\/2013\/02\/mgv-news-41-einzel1.pdf\">Mitgliederinfo Nr. 41<\/a><\/p>\n<p><a href=\"http:\/\/mgv-dansenberg.de\/wordpress\/wp-content\/uploads\/2011\/11\/mgv-news-40-einzeln-bunt.pdf\">Mitgliederinfo Nr. 40<\/a><\/p>\n<p><a href=\"http:\/\/mgv-dansenberg.de\/wordpress\/wp-content\/uploads\/2011\/11\/mgv-news-39-einzeln-bunt.pdf\">Mitgliederinfo Nr. 39<\/a><\/p>\n<p><a href=\"http:\/\/mgv-dansenberg.de\/wordpress\/wp-content\/uploads\/2011\/04\/mgv-news-38-einzel.pdf\">Mitgliederinfo Nr. 38 <\/a><\/p>\n<p><a href=\"http:\/\/mgv-dansenberg.de\/wordpress\/wp-content\/uploads\/2010\/04\/mgv-news37bunteinzeln1.pdf\">Mitgliederinfo Nr. 37 <\/a><\/p>\n<p><a href=\"http:\/\/mgv-dansenberg.de\/wordpress\/wp-content\/uploads\/2010\/04\/mgv-news-36-einzel.pdf\">Mitgliederinfo Nr. 36<\/a><\/p>\n<p><a href=\"http:\/\/mgv-dansenberg.de\/wordpress\/wp-content\/uploads\/2009\/04\/mgv_info_35_internet.pdf\">Mitgliederinfo Nr. 35<\/a><\/p>\n<p><a href=\"http:\/\/mgv-dansenberg.de\/wordpress\/wp-content\/uploads\/2008\/12\/mitglinfo-nr-342.pdf\">Mitgliederinfo Nr. 34<\/a><\/p>\n<p><a href=\"http:\/\/mgv-dansenberg.de\/wordpress\/wp-content\/uploads\/2008\/11\/mitglinfo-nr-33.pdf\">Mitgliederinfo Nr. 33<\/a><\/p>\n<p><a href=\"http:\/\/mgv-dansenberg.de\/wordpress\/wp-content\/uploads\/2008\/09\/mitgliederinfo_32.pdf\">Mitgliederinfo Nr. 32<\/a><\/p>\n<p><a href=\"http:\/\/mgv-dansenberg.de\/wordpress\/wp-content\/uploads\/2008\/09\/mitgliederinfo_31.pdf\">Mitgliederinfo Nr. 31<\/a><\/p>\n<p><a href=\"http:\/\/mgv-dansenberg.de\/wordpress\/wp-content\/uploads\/2008\/09\/mitgliederinfo_30.pdf\">Mitgliederinfo Nr. 30<\/a><\/p>\n<p><a href=\"http:\/\/mgv-dansenberg.de\/wordpress\/wp-content\/uploads\/2010\/04\/mitglinfo-nr-29.pdf\">Mitgliederinfo Nr. 29<\/a><\/p>\n<p><a href=\"http:\/\/mgv-dansenberg.de\/wordpress\/wp-content\/uploads\/2010\/04\/mitglinfo-nr-28.pdf\">Mitgliederinfo Nr. 28<\/a><\/p>\n<p><a href=\"http:\/\/mgv-dansenberg.de\/wordpress\/wp-content\/uploads\/2010\/04\/mitglinfo-nr-27.pdf\">Mitgliederinfo Nr. 27<\/a><\/p>\n<p><a href=\"http:\/\/mgv-dansenberg.de\/wordpress\/wp-content\/uploads\/2010\/04\/mitgliederinfo-nr-262006.pdf\">Mitgliederinfo Nr. 26<\/a><\/p>\n<p><a href=\"http:\/\/mgv-dansenberg.de\/wordpress\/wp-content\/uploads\/2010\/04\/mitglieder-info-nr-25.pdf\">Mitgliederinfo Nr. 25<\/a><\/p>\n<p><a href=\"http:\/\/mgv-dansenberg.de\/wordpress\/wp-content\/uploads\/2010\/04\/mitglinfo-nr-24.pdf\">Mitgliederinfo Nr. 24<\/a><\/p>\n<p><a href=\"http:\/\/mgv-dansenberg.de\/wordpress\/wp-content\/uploads\/2010\/04\/mitglieder-info23.pdf\">Mitgliederinfo Nr. 23<\/a><\/p>\n<p><a href=\"http:\/\/mgv-dansenberg.de\/wordpress\/wp-content\/uploads\/2010\/04\/info-22.pdf\">Mitgliederinfo Nr. 22<\/a><\/p>\n<p><a href=\"http:\/\/mgv-dansenberg.de\/wordpress\/wp-content\/uploads\/2010\/04\/info-21.pdf\">Mitgliederinfo Nr. 21<\/a><\/p>\n<p><a href=\"http:\/\/mgv-dansenberg.de\/wordpress\/wp-content\/uploads\/2010\/04\/info-internet.pdf\">Mitgliederinfo Nr. 20<\/a><\/p>\n<p><a href=\"http:\/\/mgv-dansenberg.de\/wordpress\/wp-content\/uploads\/2010\/04\/mitgliederinfo_19.pdf\">Mitgliederinfo Nr. 19<\/a><\/p>\n<p><a href=\"http:\/\/mgv-dansenberg.de\/wordpress\/wp-content\/uploads\/2010\/04\/mitglinfo-nr-18.pdf\">mitgliederinfo Nr. 18<\/a><\/p>\n<p><a href=\"http:\/\/mgv-dansenberg.de\/wordpress\/wp-content\/uploads\/2010\/04\/mitglinfo-nr-17.pdf\">Mitgliederinfo Nr. 17<\/a><\/p>\n<p><a href=\"http:\/\/mgv-dansenberg.de\/wordpress\/wp-content\/uploads\/2010\/04\/mitglinfo-nr-16.pdf\">Mitgliederinfo Nr. 16<\/a><\/p>\n<p><a href=\"http:\/\/mgv-dansenberg.de\/wordpress\/wp-content\/uploads\/2010\/04\/mitglinfo-nr-15.pdf\">Mitgliederinfo Nr. 15<\/a><\/p>\n<p><a href=\"http:\/\/mgv-dansenberg.de\/wordpress\/wp-content\/uploads\/2010\/04\/mitglinfo-nr-14.pdf\">Mitgliederinfo Nr. 14<\/a><\/p>\n<p><a href=\"http:\/\/mgv-dansenberg.de\/wordpress\/wp-content\/uploads\/2010\/04\/mitglinfo-nr-13.pdf\">Mitgliederinfo Nr. 13<\/a><\/p>\n<p><a href=\"http:\/\/mgv-dansenberg.de\/wordpress\/wp-content\/uploads\/2010\/04\/rundschreiben-122002.doc\">\u00a0<\/a><\/p>\n<p>* Um die Infos betrachten zu k\u00f6nnen, ben\u00f6tigen Sie den Adobe Reader. Auf vielen Computern ist dieser bereits installiert. Falls dies bei Ihnen nicht der Fall ist, k\u00f6nnen Sie sich dieses Programm kostenlos herunterladen.<br \/>\n<a class=\"standardtext\" href=\"http:\/\/www.adobe.com\/de\/products\/acrobat\/readstep2.html\" target=\"_blank\" rel=\"noopener noreferrer\">Link zum Adobe Reader <\/a><\/p>\n","protected":false},"excerpt":{"rendered":"<p>Hier finden Sie die quartalsweise erscheinenden Mitglieder-Infos zum Download als pdf-Dateien.* Die Downloadzeit ist abh\u00e4ngig von der Gr\u00f6\u00dfe der Dateien und der Geschwindigkeit Ihrer Internetverbindung. In der Regel dauert es aber nicht l\u00e4nger als 1-2 Minuten. Mitgliederinfo Nr. 59 Mitgliederinfo Nr. 58 Mitgliederinfo Nr. 57 Mitgliederinfo Nr. 56 Mitgliederinfo Nr. 55 Mitgliederinfo Nr. 54 Mitgliederinfo [&hellip;]<\/p>\n","protected":false},"author":1,"featured_media":0,"parent":6,"menu_order":2,"comment_status":"open","ping_status":"open","template":"","meta":{"footnotes":""},"class_list":["post-12","page","type-page","status-publish","hentry"],"_links":{"self":[{"href":"https:\/\/mgv-dansenberg.de\/index.php?rest_route=\/wp\/v2\/pages\/12","targetHints":{"allow":["GET"]}}],"collection":[{"href":"https:\/\/mgv-dansenberg.de\/index.php?rest_route=\/wp\/v2\/pages"}],"about":[{"href":"https:\/\/mgv-dansenberg.de\/index.php?rest_route=\/wp\/v2\/types\/page"}],"author":[{"embeddable":true,"href":"https:\/\/mgv-dansenberg.de\/index.php?rest_route=\/wp\/v2\/users\/1"}],"replies":[{"embeddable":true,"href":"https:\/\/mgv-dansenberg.de\/index.php?rest_route=%2Fwp%2Fv2%2Fcomments&post=12"}],"version-history":[{"count":64,"href":"https:\/\/mgv-dansenberg.de\/index.php?rest_route=\/wp\/v2\/pages\/12\/revisions"}],"predecessor-version":[{"id":1957,"href":"https:\/\/mgv-dansenberg.de\/index.php?rest_route=\/wp\/v2\/pages\/12\/revisions\/1957"}],"up":[{"embeddable":true,"href":"https:\/\/mgv-dansenberg.de\/index.php?rest_route=\/wp\/v2\/pages\/6"}],"wp:attachment":[{"href":"https:\/\/mgv-dansenberg.de\/index.php?rest_route=%2Fwp%2Fv2%2Fmedia&parent=12"}],"curies":[{"name":"wp","href":"https:\/\/api.w.org\/{rel}","templated":true}]}}